{"id":562,"date":"2018-05-24T12:58:55","date_gmt":"2018-05-24T12:58:55","guid":{"rendered":"https:\/\/www.loze.lv\/sikdatnu-izmantosanas-noteikumi\/"},"modified":"2018-05-24T12:58:55","modified_gmt":"2018-05-24T12:58:55","slug":"sikdatnu-izmantosanas-noteikumi","status":"publish","type":"page","link":"https:\/\/www.loze.lv\/lv\/sikdatnu-izmantosanas-noteikumi\/","title":{"rendered":"S\u012bkdat\u0146u izmanto\u0161anas noteikumi"},"content":{"rendered":"<p><strong>S\u012bkdatnes<\/strong><\/p>\n<p>S\u012bkdatnes (cookies) ir t\u012bmek\u013ca servera nos\u016bt\u012bta neliela teksta virkne klientam (parasti t\u012bmek\u013ca p\u0101rl\u016bkprogrammai), kura tiek saglab\u0101ta lietot\u0101ja dator\u0101 k\u0101 neliels fails. S\u012bkdatnes atvieglo m\u0101jaslapu izmanto\u0161anu.<\/p>\n<p><strong>K\u0101das s\u012bkdatnes un k\u0101diem m\u0113r\u0137iem m\u0113s izmantojam?<\/strong><\/p>\n<p>Ja vien J\u016bs neesat veicis p\u0101rl\u016bkprogrammas iestat\u012bjumus, noraidot visas vai atsevi\u0161\u0137as s\u012bkdatnes, s\u012bkdatnes tiks izmantotas, tikl\u012bdz J\u016bs apmekl\u0113jat m\u016bsu m\u0101jaslapu. Atkar\u012bb\u0101 no veicamaj\u0101m funkcij\u0101m un izmanto\u0161anas m\u0113r\u0137a ir noteikti nepiecie\u0161am\u0101s s\u012bkdatnes, funkcion\u0101l\u0101s s\u012bkdatnes, anal\u012btisk\u0101s s\u012bkdatnes un m\u0113r\u0137\u0113\u0161anas (rekl\u0101mas) s\u012bkdatnes.<\/p>\n<p><em>Noteikti nepiecie\u0161am\u0101s s\u012bkdatnes<\/em><\/p>\n<p>\u0160\u012bs s\u012bkdatnes nepiecie\u0161amas, lai J\u016bs var\u0113tu br\u012bvi apmekl\u0113t un p\u0101rl\u016bkot t\u012bmek\u013ca vietni un izmantot t\u0101s pied\u0101v\u0101t\u0101s iesp\u0113jas, taj\u0101 skait\u0101 ieg\u016bt inform\u0101ciju par pakalpojumiem. \u0160\u012bs s\u012bkdatnes identific\u0113 J\u016bsu iek\u0101rtu, ta\u010du neizpau\u017e identit\u0101ti, k\u0101 ar\u012b t\u0101s nev\u0101c un neapkopo inform\u0101ciju. \u0160\u012bs s\u012bkdatnes tiek glab\u0101tas J\u016bsu iek\u0101rt\u0101 l\u012bdz br\u012bdim, kad tiek aizv\u0113rta t\u012bmek\u013ca p\u0101rl\u016bkprogramma.<\/p>\n<p><em>Funkcion\u0101l\u0101s s\u012bkdatnes<\/em><\/p>\n<p>Ar funkcion\u0101laj\u0101m s\u012bkdatn\u0113m vietne atceras J\u016bsu izv\u0113l\u0113tos uzst\u0101d\u012bjumus un veikt\u0101s izv\u0113les, lai v\u0113l\u0101k var\u0113tu \u0113rt\u0101k lietot vietni. \u0160\u012bs s\u012bkdatnes glab\u0101jas J\u016bsu iek\u0101rt\u0101 past\u0101v\u012bgi, kam\u0113r t\u0101m nebeidzas noteiktas termi\u0146\u0161 vai J\u016bs neizdz\u0113\u0161at t\u0101s.<\/p>\n<p><em>Anal\u012btisk\u0101s s\u012bkdatnes<\/em><\/p>\n<p>Anal\u012btisk\u0101s s\u012bkdatnes apkopo inform\u0101ciju, k\u0101 tiek lietota t\u012bmek\u013ca vietne, konstat\u0113 bie\u017e\u0101k apmekl\u0113t\u0101s sada\u013cas, ieskaitot saturu un valodu, kuru izv\u0113laties, p\u0101rl\u016bkojot vietni. Inform\u0101cija tiek lietota anal\u012bzes nol\u016bkos, lai noskaidrotu, kas interes\u0113 vietnes lietot\u0101jus, un var\u0113tu uzlabot vietnes funkcionalit\u0101ti, padar\u012bt to \u0113rt\u0101k lietojamu. Anal\u012btisk\u0101s s\u012bkdatnes identific\u0113 tikai iek\u0101rtu, ta\u010du neizpau\u017e J\u016bsu identit\u0101ti.<\/p>\n<p><strong>K\u0101 izsl\u0113gt s\u012bkdatnes?<\/strong><\/p>\n<p>P\u0113c v\u0113l\u0113\u0161an\u0101s J\u016bs varat s\u012bkdatnes kontrol\u0113t un izdz\u0113st. J\u016bs varat izdz\u0113st visas s\u012bkdatnes, kuras ir J\u016bsu iek\u0101rt\u0101, un liel\u0101ko da\u013cu p\u0101rl\u016bkprogrammu var iestat\u012bt t\u0101, lai tiktu blo\u0137\u0113ta s\u012bkdat\u0146u ievieto\u0161ana iek\u0101rt\u0101. Ta\u010du t\u0101d\u0101 gad\u012bjum\u0101 Jums manu\u0101li b\u016bs j\u0101piel\u0101go iestat\u012bjumi ikreiz, kad apmekl\u0113siet t\u012bmek\u013ca vietni, un turkl\u0101t past\u0101v iesp\u0113jam\u012bba, ka da\u017ei pakalpojumi un funkcijas nedarbosies. Pla\u0161\u0101k lasiet \u0161eit: <u><a href=\"https:\/\/www.aboutcookies.org\/\" target=\"_blank\" rel=\"noopener\">www.aboutcookies.org<\/a><\/u><\/p>\n","protected":false},"excerpt":{"rendered":"<p>S\u012bkdatnes S\u012bkdatnes (cookies) ir t\u012bmek\u013ca servera nos\u016bt\u012bta neliela teksta virkne klientam (parasti t\u012bmek\u013ca p\u0101rl\u016bkprogrammai), kura tiek saglab\u0101ta lietot\u0101ja dator\u0101 k\u0101 neliels fails. S\u012bkdatnes atvieglo m\u0101jaslapu izmanto\u0161anu. K\u0101das s\u012bkdatnes un k\u0101diem m\u0113r\u0137iem m\u0113s izmantojam? Ja vien J\u016bs neesat veicis p\u0101rl\u016bkprogrammas iestat\u012bjumus, noraidot visas vai atsevi\u0161\u0137as s\u012bkdatnes, s\u012bkdatnes tiks izmantotas, tikl\u012bdz J\u016bs apmekl\u0113jat m\u016bsu m\u0101jaslapu. Atkar\u012bb\u0101 no [&hellip;]<\/p>\n","protected":false},"author":1,"featured_media":0,"parent":0,"menu_order":0,"comment_status":"closed","ping_status":"closed","template":"","meta":{"_acf_changed":false,"footnotes":""},"class_list":["post-562","page","type-page","status-publish","hentry"],"acf":[],"aioseo_notices":[],"_links":{"self":[{"href":"https:\/\/www.loze.lv\/lv\/wp-json\/wp\/v2\/pages\/562","targetHints":{"allow":["GET"]}}],"collection":[{"href":"https:\/\/www.loze.lv\/lv\/wp-json\/wp\/v2\/pages"}],"about":[{"href":"https:\/\/www.loze.lv\/lv\/wp-json\/wp\/v2\/types\/page"}],"author":[{"embeddable":true,"href":"https:\/\/www.loze.lv\/lv\/wp-json\/wp\/v2\/users\/1"}],"replies":[{"embeddable":true,"href":"https:\/\/www.loze.lv\/lv\/wp-json\/wp\/v2\/comments?post=562"}],"version-history":[{"count":0,"href":"https:\/\/www.loze.lv\/lv\/wp-json\/wp\/v2\/pages\/562\/revisions"}],"wp:attachment":[{"href":"https:\/\/www.loze.lv\/lv\/wp-json\/wp\/v2\/media?parent=562"}],"curies":[{"name":"wp","href":"https:\/\/api.w.org\/{rel}","templated":true}]}}