{"id":78,"date":"2017-10-03T20:35:54","date_gmt":"2017-10-03T20:35:54","guid":{"rendered":"http:\/\/loze.ps.lv\/?page_id=78"},"modified":"2022-01-11T08:24:53","modified_gmt":"2022-01-11T08:24:53","slug":"kontakti","status":"publish","type":"page","link":"https:\/\/www.loze.lv\/lv\/kontakti\/","title":{"rendered":"Kontakti"},"content":{"rendered":"<h2>ZAB &#8220;LOZE &amp; PARTNERI&#8221; KS<\/h2>\n<p>Kr. Valdem\u0101ra 33-5, R\u012bga<br \/>\nLV-1010, Latvija<\/p>\n<p>T <a href=\"tel:0037167744444\">+371 677 44444<\/a><br \/>\nF +371 675 44444<\/p>\n<p><a href=\"mailto:loze@loze.lv\">loze@loze.lv<\/a><\/p>\n<p>PVN re\u0123. Nr. LV40203351377<\/p>\n<p>&nbsp;<\/p>\n","protected":false},"excerpt":{"rendered":"<p>ZAB &#8220;LOZE &amp; PARTNERI&#8221; KS Kr. Valdem\u0101ra 33-5, R\u012bga LV-1010, Latvija T +371 677 44444 F +371 675 44444 loze@loze.lv PVN re\u0123. Nr. LV40203351377 &nbsp;<\/p>\n","protected":false},"author":1,"featured_media":0,"parent":0,"menu_order":0,"comment_status":"closed","ping_status":"closed","template":"_template_contacts.php","meta":{"_acf_changed":false,"footnotes":""},"class_list":["post-78","page","type-page","status-publish","hentry"],"acf":[],"aioseo_notices":[],"_links":{"self":[{"href":"https:\/\/www.loze.lv\/lv\/wp-json\/wp\/v2\/pages\/78","targetHints":{"allow":["GET"]}}],"collection":[{"href":"https:\/\/www.loze.lv\/lv\/wp-json\/wp\/v2\/pages"}],"about":[{"href":"https:\/\/www.loze.lv\/lv\/wp-json\/wp\/v2\/types\/page"}],"author":[{"embeddable":true,"href":"https:\/\/www.loze.lv\/lv\/wp-json\/wp\/v2\/users\/1"}],"replies":[{"embeddable":true,"href":"https:\/\/www.loze.lv\/lv\/wp-json\/wp\/v2\/comments?post=78"}],"version-history":[{"count":11,"href":"https:\/\/www.loze.lv\/lv\/wp-json\/wp\/v2\/pages\/78\/revisions"}],"predecessor-version":[{"id":915,"href":"https:\/\/www.loze.lv\/lv\/wp-json\/wp\/v2\/pages\/78\/revisions\/915"}],"wp:attachment":[{"href":"https:\/\/www.loze.lv\/lv\/wp-json\/wp\/v2\/media?parent=78"}],"curies":[{"name":"wp","href":"https:\/\/api.w.org\/{rel}","templated":true}]}}